{"id":1435,"date":"2023-03-27T13:41:11","date_gmt":"2023-03-27T13:41:11","guid":{"rendered":"https:\/\/luxechicetdecoration.mc\/biographie\/"},"modified":"2023-04-04T11:01:32","modified_gmt":"2023-04-04T11:01:32","slug":"biographie","status":"publish","type":"page","link":"https:\/\/luxechicetdecoration.mc\/en\/biographie\/","title":{"rendered":"Biography"},"content":{"rendered":"\t\t<div data-elementor-type=\"wp-page\" data-elementor-id=\"1435\" class=\"elementor elementor-1435 elementor-425\" data-elementor-post-type=\"page\">\n\t\t\t\t<div class=\"elementor-element elementor-element-c742162 e-flex e-con-boxed e-con e-parent\" data-id=\"c742162\" data-element_type=\"container\">\n\t\t\t\t\t<div class=\"e-con-inner\">\n\t\t<div class=\"elementor-element elementor-element-859b8a6 e-con-full e-flex e-con e-parent\" data-id=\"859b8a6\" data-element_type=\"container\">\n\t\t\t\t<div class=\"elementor-element elementor-element-eccddc6 elementor-widget__width-initial elementor-widget elementor-widget-image\" data-id=\"eccddc6\" data-element_type=\"widget\" data-widget_type=\"image.default\">\n\t\t\t\t<div class=\"elementor-widget-container\">\n\t\t\t\t\t\t\t\t\t\t\t\t\t<img fetchpriority=\"high\" decoding=\"async\" width=\"840\" height=\"969\" src=\"https:\/\/luxechicetdecoration.mc\/wp-content\/uploads\/2023\/04\/luxe-chic-decoration-biographie-julia-moraly.jpg\" class=\"attachment-full size-full wp-image-1402\" alt=\"\" srcset=\"https:\/\/luxechicetdecoration.mc\/wp-content\/uploads\/2023\/04\/luxe-chic-decoration-biographie-julia-moraly.jpg 840w, https:\/\/luxechicetdecoration.mc\/wp-content\/uploads\/2023\/04\/luxe-chic-decoration-biographie-julia-moraly-260x300.jpg 260w, https:\/\/luxechicetdecoration.mc\/wp-content\/uploads\/2023\/04\/luxe-chic-decoration-biographie-julia-moraly-768x886.jpg 768w\" sizes=\"(max-width: 840px) 100vw, 840px\" \/>\t\t\t\t\t\t\t\t\t\t\t\t\t<\/div>\n\t\t\t\t<\/div>\n\t\t\t\t<\/div>\n\t\t<div class=\"elementor-element elementor-element-47213f7 e-con-full e-flex e-con e-parent\" data-id=\"47213f7\" data-element_type=\"container\">\n\t\t\t\t<div class=\"elementor-element elementor-element-ce028fa elementor-widget elementor-widget-heading\" data-id=\"ce028fa\" data-element_type=\"widget\" data-widget_type=\"heading.default\">\n\t\t\t\t<div class=\"elementor-widget-container\">\n\t\t\t<h1 class=\"elementor-heading-title elementor-size-default\">JULIA MORALY<\/h1>\t\t<\/div>\n\t\t\t\t<\/div>\n\t\t\t\t<div class=\"elementor-element elementor-element-d698e26 elementor-widget elementor-widget-text-editor\" data-id=\"d698e26\" data-element_type=\"widget\" data-widget_type=\"text-editor.default\">\n\t\t\t\t<div class=\"elementor-widget-container\">\n\t\t\t\t\t\t\t<p>With a Masters in finance from the Sorbonne, Julia followed a career in banking for twelve years in Paris and Monaco.<\/p>\t\t\t\t\t\t<\/div>\n\t\t\t\t<\/div>\n\t\t\t\t<div class=\"elementor-element elementor-element-61921f6 elementor-widget elementor-widget-text-editor\" data-id=\"61921f6\" data-element_type=\"widget\" data-widget_type=\"text-editor.default\">\n\t\t\t\t<div class=\"elementor-widget-container\">\n\t\t\t\t\t\t\t<p>Nevertheless during this period she never lost her passion for design making beautiful interiors and making best use of small spaces, the values of urban centres.<\/p><p>In the light of this palatability, Julia made the breakthrough of living what she love, the taste for beautiful things without falling victim to too much.<\/p><p>She left everything behind to have special training and a degree to accompany and advise her clientele in a very different way, but always guided by esthetic issues so apparent in interiors of the highest quality.<\/p><p>Today she and her team are there to listen to you and to advise you and accompany you on projects to upgrade interiors.<\/p>\t\t\t\t\t\t<\/div>\n\t\t\t\t<\/div>\n\t\t\t\t<\/div>\n\t\t\t\t\t<\/div>\n\t\t\t\t<\/div>\n\t\t<div class=\"elementor-element elementor-element-8cb2f97 e-flex e-con-boxed e-con e-parent\" data-id=\"8cb2f97\" data-element_type=\"container\">\n\t\t\t\t\t<div class=\"e-con-inner\">\n\t\t\t\t<div class=\"elementor-element elementor-element-ff42d19 elementor-widget elementor-widget-heading\" data-id=\"ff42d19\" data-element_type=\"widget\" data-widget_type=\"heading.default\">\n\t\t\t\t<div class=\"elementor-widget-container\">\n\t\t\t<h2 class=\"elementor-heading-title elementor-size-default\">FOLLOW US ON INSTAGRAM<\/h2>\t\t<\/div>\n\t\t\t\t<\/div>\n\t\t\t\t<div class=\"elementor-element elementor-element-59b8da5 elementor-widget elementor-widget-shortcode\" data-id=\"59b8da5\" data-element_type=\"widget\" data-widget_type=\"shortcode.default\">\n\t\t\t\t<div class=\"elementor-widget-container\">\n\t\t\t\t\t<div class=\"elementor-shortcode\">\n<div id=\"sb_instagram\"  class=\"sbi sbi_mob_col_1 sbi_tab_col_3 sbi_col_3 sbi_width_resp\" style=\"padding-bottom: 50px;\" data-feedid=\"*2\"  data-res=\"auto\" data-cols=\"3\" data-colsmobile=\"1\" data-colstablet=\"3\" data-num=\"6\" data-nummobile=\"3\" data-item-padding=\"25\" data-shortcode-atts=\"{&quot;feed&quot;:&quot;2&quot;}\"  data-postid=\"1435\" data-locatornonce=\"975ed084bf\" data-sbi-flags=\"favorLocal\">\n\t\n    <div id=\"sbi_images\"  style=\"gap: 50px;\">\n\t\t    <\/div>\n\n\t<div id=\"sbi_load\" >\n\n\t\n\t\n<\/div>\n\n\t    <span class=\"sbi_resized_image_data\" data-feed-id=\"*2\" data-resized=\"[]\">\n\t<\/span>\n\t<\/div>\n\n<\/div>\n\t\t\t\t<\/div>\n\t\t\t\t<\/div>\n\t\t\t\t<div class=\"elementor-element elementor-element-1015176 elementor-align-center elementor-widget elementor-widget-button\" data-id=\"1015176\" data-element_type=\"widget\" data-widget_type=\"button.default\">\n\t\t\t\t<div class=\"elementor-widget-container\">\n\t\t\t\t\t\t\t<div class=\"elementor-button-wrapper\">\n\t\t\t\t\t<a class=\"elementor-button elementor-button-link elementor-size-sm\" href=\"https:\/\/www.instagram.com\/luxechicetdecoration\" target=\"_blank\">\n\t\t\t\t\t\t<span class=\"elementor-button-content-wrapper\">\n\t\t\t\t\t\t<span class=\"elementor-button-icon\">\n\t\t\t\t<i aria-hidden=\"true\" class=\"fab fa-instagram\"><\/i>\t\t\t<\/span>\n\t\t\t\t\t\t\t\t\t<span class=\"elementor-button-text\">luxechicetdecoration<\/span>\n\t\t\t\t\t<\/span>\n\t\t\t\t\t<\/a>\n\t\t\t\t<\/div>\n\t\t\t\t\t\t<\/div>\n\t\t\t\t<\/div>\n\t\t\t\t\t<\/div>\n\t\t\t\t<\/div>\n\t\t\t\t<\/div>\n\t\t","protected":false},"excerpt":{"rendered":"<p>JULIA MORALY With a Masters in finance from the Sorbonne, Julia followed a career in banking for twelve years in Paris and Monaco. Nevertheless during this period she never lost her passion for design making beautiful interiors and making best use of small spaces, the values of urban centres. In the light of this palatability, [&hellip;]<\/p>\n","protected":false},"author":1,"featured_media":0,"parent":0,"menu_order":0,"comment_status":"closed","ping_status":"closed","template":"","meta":{"footnotes":""},"class_list":["post-1435","page","type-page","status-publish","hentry"],"yoast_head":"<!-- This site is optimized with the Yoast SEO plugin v23.9 - https:\/\/yoast.com\/wordpress\/plugins\/seo\/ -->\n<title>Biography - Luxe Chic &amp; D\u00e9coration<\/title>\n<meta name=\"robots\" content=\"index, follow, max-snippet:-1, max-image-preview:large, max-video-preview:-1\" \/>\n<link rel=\"canonical\" href=\"https:\/\/luxechicetdecoration.mc\/biographie\/\" \/>\n<meta property=\"og:locale\" content=\"en_US\" \/>\n<meta property=\"og:type\" content=\"article\" \/>\n<meta property=\"og:title\" content=\"Biography - Luxe Chic &amp; D\u00e9coration\" \/>\n<meta property=\"og:description\" content=\"JULIA MORALY With a Masters in finance from the Sorbonne, Julia followed a career in banking for twelve years in Paris and Monaco. Nevertheless during this period she never lost her passion for design making beautiful interiors and making best use of small spaces, the values of urban centres. In the light of this palatability, [&hellip;]\" \/>\n<meta property=\"og:url\" content=\"https:\/\/luxechicetdecoration.mc\/biographie\/\" \/>\n<meta property=\"og:site_name\" content=\"Luxe Chic &amp; D\u00e9coration\" \/>\n<meta property=\"article:publisher\" content=\"https:\/\/www.facebook.com\/luxechicetdecoration\" \/>\n<meta property=\"article:modified_time\" content=\"2023-04-04T11:01:32+00:00\" \/>\n<meta property=\"og:image\" content=\"https:\/\/luxechicetdecoration.mc\/wp-content\/uploads\/2023\/04\/luxe-chic-decoration-biographie-julia-moraly.jpg\" \/>\n<meta name=\"twitter:card\" content=\"summary_large_image\" \/>\n<meta name=\"twitter:label1\" content=\"Est. reading time\" \/>\n\t<meta name=\"twitter:data1\" content=\"1 minute\" \/>\n<script type=\"application\/ld+json\" class=\"yoast-schema-graph\">{\"@context\":\"https:\/\/schema.org\",\"@graph\":[{\"@type\":\"WebPage\",\"@id\":\"https:\/\/luxechicetdecoration.mc\/biographie\/\",\"url\":\"https:\/\/luxechicetdecoration.mc\/biographie\/\",\"name\":\"Biography - Luxe Chic &amp; D\u00e9coration\",\"isPartOf\":{\"@id\":\"https:\/\/luxechicetdecoration.mc\/en\/#website\"},\"primaryImageOfPage\":{\"@id\":\"https:\/\/luxechicetdecoration.mc\/biographie\/#primaryimage\"},\"image\":{\"@id\":\"https:\/\/luxechicetdecoration.mc\/biographie\/#primaryimage\"},\"thumbnailUrl\":\"https:\/\/luxechicetdecoration.mc\/wp-content\/uploads\/2023\/04\/luxe-chic-decoration-biographie-julia-moraly.jpg\",\"datePublished\":\"2023-03-27T13:41:11+00:00\",\"dateModified\":\"2023-04-04T11:01:32+00:00\",\"breadcrumb\":{\"@id\":\"https:\/\/luxechicetdecoration.mc\/biographie\/#breadcrumb\"},\"inLanguage\":\"en-US\",\"potentialAction\":[{\"@type\":\"ReadAction\",\"target\":[\"https:\/\/luxechicetdecoration.mc\/biographie\/\"]}]},{\"@type\":\"ImageObject\",\"inLanguage\":\"en-US\",\"@id\":\"https:\/\/luxechicetdecoration.mc\/biographie\/#primaryimage\",\"url\":\"https:\/\/luxechicetdecoration.mc\/wp-content\/uploads\/2023\/04\/luxe-chic-decoration-biographie-julia-moraly.jpg\",\"contentUrl\":\"https:\/\/luxechicetdecoration.mc\/wp-content\/uploads\/2023\/04\/luxe-chic-decoration-biographie-julia-moraly.jpg\"},{\"@type\":\"BreadcrumbList\",\"@id\":\"https:\/\/luxechicetdecoration.mc\/biographie\/#breadcrumb\",\"itemListElement\":[{\"@type\":\"ListItem\",\"position\":1,\"name\":\"Accueil\",\"item\":\"https:\/\/luxechicetdecoration.mc\/\"},{\"@type\":\"ListItem\",\"position\":2,\"name\":\"Biography\"}]},{\"@type\":\"WebSite\",\"@id\":\"https:\/\/luxechicetdecoration.mc\/en\/#website\",\"url\":\"https:\/\/luxechicetdecoration.mc\/en\/\",\"name\":\"Luxe Chic &amp; D\u00e9coration\",\"description\":\"D\u00e9coration Int\u00e9rieur Monaco\",\"publisher\":{\"@id\":\"https:\/\/luxechicetdecoration.mc\/en\/#organization\"},\"potentialAction\":[{\"@type\":\"SearchAction\",\"target\":{\"@type\":\"EntryPoint\",\"urlTemplate\":\"https:\/\/luxechicetdecoration.mc\/en\/?s={search_term_string}\"},\"query-input\":{\"@type\":\"PropertyValueSpecification\",\"valueRequired\":true,\"valueName\":\"search_term_string\"}}],\"inLanguage\":\"en-US\"},{\"@type\":\"Organization\",\"@id\":\"https:\/\/luxechicetdecoration.mc\/en\/#organization\",\"name\":\"Luxe Chic &amp; D\u00e9coration\",\"url\":\"https:\/\/luxechicetdecoration.mc\/en\/\",\"logo\":{\"@type\":\"ImageObject\",\"inLanguage\":\"en-US\",\"@id\":\"https:\/\/luxechicetdecoration.mc\/en\/#\/schema\/logo\/image\/\",\"url\":\"https:\/\/luxechicetdecoration.mc\/wp-content\/uploads\/2023\/04\/luxe-chic-decoration-main-logo.png\",\"contentUrl\":\"https:\/\/luxechicetdecoration.mc\/wp-content\/uploads\/2023\/04\/luxe-chic-decoration-main-logo.png\",\"width\":396,\"height\":302,\"caption\":\"Luxe Chic &amp; D\u00e9coration\"},\"image\":{\"@id\":\"https:\/\/luxechicetdecoration.mc\/en\/#\/schema\/logo\/image\/\"},\"sameAs\":[\"https:\/\/www.facebook.com\/luxechicetdecoration\",\"https:\/\/www.instagram.com\/luxechicetdecoration\/\"]}]}<\/script>\n<!-- \/ Yoast SEO plugin. -->","yoast_head_json":{"title":"Biography - Luxe Chic &amp; D\u00e9coration","robots":{"index":"index","follow":"follow","max-snippet":"max-snippet:-1","max-image-preview":"max-image-preview:large","max-video-preview":"max-video-preview:-1"},"canonical":"https:\/\/luxechicetdecoration.mc\/biographie\/","og_locale":"en_US","og_type":"article","og_title":"Biography - Luxe Chic &amp; D\u00e9coration","og_description":"JULIA MORALY With a Masters in finance from the Sorbonne, Julia followed a career in banking for twelve years in Paris and Monaco. Nevertheless during this period she never lost her passion for design making beautiful interiors and making best use of small spaces, the values of urban centres. In the light of this palatability, [&hellip;]","og_url":"https:\/\/luxechicetdecoration.mc\/biographie\/","og_site_name":"Luxe Chic &amp; D\u00e9coration","article_publisher":"https:\/\/www.facebook.com\/luxechicetdecoration","article_modified_time":"2023-04-04T11:01:32+00:00","og_image":[{"url":"https:\/\/luxechicetdecoration.mc\/wp-content\/uploads\/2023\/04\/luxe-chic-decoration-biographie-julia-moraly.jpg"}],"twitter_card":"summary_large_image","twitter_misc":{"Est. reading time":"1 minute"},"schema":{"@context":"https:\/\/schema.org","@graph":[{"@type":"WebPage","@id":"https:\/\/luxechicetdecoration.mc\/biographie\/","url":"https:\/\/luxechicetdecoration.mc\/biographie\/","name":"Biography - Luxe Chic &amp; D\u00e9coration","isPartOf":{"@id":"https:\/\/luxechicetdecoration.mc\/en\/#website"},"primaryImageOfPage":{"@id":"https:\/\/luxechicetdecoration.mc\/biographie\/#primaryimage"},"image":{"@id":"https:\/\/luxechicetdecoration.mc\/biographie\/#primaryimage"},"thumbnailUrl":"https:\/\/luxechicetdecoration.mc\/wp-content\/uploads\/2023\/04\/luxe-chic-decoration-biographie-julia-moraly.jpg","datePublished":"2023-03-27T13:41:11+00:00","dateModified":"2023-04-04T11:01:32+00:00","breadcrumb":{"@id":"https:\/\/luxechicetdecoration.mc\/biographie\/#breadcrumb"},"inLanguage":"en-US","potentialAction":[{"@type":"ReadAction","target":["https:\/\/luxechicetdecoration.mc\/biographie\/"]}]},{"@type":"ImageObject","inLanguage":"en-US","@id":"https:\/\/luxechicetdecoration.mc\/biographie\/#primaryimage","url":"https:\/\/luxechicetdecoration.mc\/wp-content\/uploads\/2023\/04\/luxe-chic-decoration-biographie-julia-moraly.jpg","contentUrl":"https:\/\/luxechicetdecoration.mc\/wp-content\/uploads\/2023\/04\/luxe-chic-decoration-biographie-julia-moraly.jpg"},{"@type":"BreadcrumbList","@id":"https:\/\/luxechicetdecoration.mc\/biographie\/#breadcrumb","itemListElement":[{"@type":"ListItem","position":1,"name":"Accueil","item":"https:\/\/luxechicetdecoration.mc\/"},{"@type":"ListItem","position":2,"name":"Biography"}]},{"@type":"WebSite","@id":"https:\/\/luxechicetdecoration.mc\/en\/#website","url":"https:\/\/luxechicetdecoration.mc\/en\/","name":"Luxe Chic &amp; D\u00e9coration","description":"D\u00e9coration Int\u00e9rieur Monaco","publisher":{"@id":"https:\/\/luxechicetdecoration.mc\/en\/#organization"},"potentialAction":[{"@type":"SearchAction","target":{"@type":"EntryPoint","urlTemplate":"https:\/\/luxechicetdecoration.mc\/en\/?s={search_term_string}"},"query-input":{"@type":"PropertyValueSpecification","valueRequired":true,"valueName":"search_term_string"}}],"inLanguage":"en-US"},{"@type":"Organization","@id":"https:\/\/luxechicetdecoration.mc\/en\/#organization","name":"Luxe Chic &amp; D\u00e9coration","url":"https:\/\/luxechicetdecoration.mc\/en\/","logo":{"@type":"ImageObject","inLanguage":"en-US","@id":"https:\/\/luxechicetdecoration.mc\/en\/#\/schema\/logo\/image\/","url":"https:\/\/luxechicetdecoration.mc\/wp-content\/uploads\/2023\/04\/luxe-chic-decoration-main-logo.png","contentUrl":"https:\/\/luxechicetdecoration.mc\/wp-content\/uploads\/2023\/04\/luxe-chic-decoration-main-logo.png","width":396,"height":302,"caption":"Luxe Chic &amp; D\u00e9coration"},"image":{"@id":"https:\/\/luxechicetdecoration.mc\/en\/#\/schema\/logo\/image\/"},"sameAs":["https:\/\/www.facebook.com\/luxechicetdecoration","https:\/\/www.instagram.com\/luxechicetdecoration\/"]}]}},"_links":{"self":[{"href":"https:\/\/luxechicetdecoration.mc\/en\/wp-json\/wp\/v2\/pages\/1435","targetHints":{"allow":["GET"]}}],"collection":[{"href":"https:\/\/luxechicetdecoration.mc\/en\/wp-json\/wp\/v2\/pages"}],"about":[{"href":"https:\/\/luxechicetdecoration.mc\/en\/wp-json\/wp\/v2\/types\/page"}],"author":[{"embeddable":true,"href":"https:\/\/luxechicetdecoration.mc\/en\/wp-json\/wp\/v2\/users\/1"}],"replies":[{"embeddable":true,"href":"https:\/\/luxechicetdecoration.mc\/en\/wp-json\/wp\/v2\/comments?post=1435"}],"version-history":[{"count":6,"href":"https:\/\/luxechicetdecoration.mc\/en\/wp-json\/wp\/v2\/pages\/1435\/revisions"}],"predecessor-version":[{"id":1682,"href":"https:\/\/luxechicetdecoration.mc\/en\/wp-json\/wp\/v2\/pages\/1435\/revisions\/1682"}],"wp:attachment":[{"href":"https:\/\/luxechicetdecoration.mc\/en\/wp-json\/wp\/v2\/media?parent=1435"}],"curies":[{"name":"wp","href":"https:\/\/api.w.org\/{rel}","templated":true}]}}