{"id":1455,"date":"2023-03-27T16:19:41","date_gmt":"2023-03-27T16:19:41","guid":{"rendered":"https:\/\/luxechicetdecoration.mc\/contact\/"},"modified":"2023-11-30T11:23:04","modified_gmt":"2023-11-30T11:23:04","slug":"contact","status":"publish","type":"page","link":"https:\/\/luxechicetdecoration.mc\/en\/contact\/","title":{"rendered":"Contact"},"content":{"rendered":"\t\t<div data-elementor-type=\"wp-page\" data-elementor-id=\"1455\" class=\"elementor elementor-1455 elementor-502\" data-elementor-post-type=\"page\">\n\t\t\t\t<div class=\"elementor-element elementor-element-c64a6d8 e-flex e-con-boxed e-con e-parent\" data-id=\"c64a6d8\" data-element_type=\"container\">\n\t\t\t\t\t<div class=\"e-con-inner\">\n\t\t<div class=\"elementor-element elementor-element-0330579 e-flex e-con-boxed e-con e-child\" data-id=\"0330579\" data-element_type=\"container\">\n\t\t\t\t\t<div class=\"e-con-inner\">\n\t\t\t\t<div class=\"elementor-element elementor-element-0964779 elementor-widget elementor-widget-heading\" data-id=\"0964779\" data-element_type=\"widget\" data-widget_type=\"heading.default\">\n\t\t\t\t<div class=\"elementor-widget-container\">\n\t\t\t<h1 class=\"elementor-heading-title elementor-size-default\">CONTACT US<\/h1>\t\t<\/div>\n\t\t\t\t<\/div>\n\t\t\t\t<div class=\"elementor-element elementor-element-52d356b elementor-widget elementor-widget-text-editor\" data-id=\"52d356b\" data-element_type=\"widget\" data-widget_type=\"text-editor.default\">\n\t\t\t\t<div class=\"elementor-widget-container\">\n\t\t\t\t\t\t\t<p>Ask for information about the services we provide.<\/p>\t\t\t\t\t\t<\/div>\n\t\t\t\t<\/div>\n\t\t\t\t\t<\/div>\n\t\t\t\t<\/div>\n\t\t\t\t\t<\/div>\n\t\t\t\t<\/div>\n\t\t<div class=\"elementor-element elementor-element-4c52886 e-flex e-con-boxed e-con e-parent\" data-id=\"4c52886\" data-element_type=\"container\">\n\t\t\t\t\t<div class=\"e-con-inner\">\n\t\t\t\t<div class=\"elementor-element elementor-element-b5d52fb elementor-button-align-start elementor-widget__width-initial elementor-widget elementor-widget-form\" data-id=\"b5d52fb\" data-element_type=\"widget\" data-settings=\"{&quot;step_next_label&quot;:&quot;Next&quot;,&quot;step_previous_label&quot;:&quot;Previous&quot;,&quot;step_type&quot;:&quot;number_text&quot;,&quot;step_icon_shape&quot;:&quot;circle&quot;}\" data-widget_type=\"form.default\">\n\t\t\t\t<div class=\"elementor-widget-container\">\n\t\t\t\t\t<form class=\"elementor-form\" method=\"post\" name=\"New Form\">\n\t\t\t<input type=\"hidden\" name=\"post_id\" value=\"1455\"\/>\n\t\t\t<input type=\"hidden\" name=\"form_id\" value=\"b5d52fb\"\/>\n\t\t\t<input type=\"hidden\" name=\"referer_title\" value=\"Luxe Chic &amp; D\u00e9coration\" \/>\n\n\t\t\t\n\t\t\t<div class=\"elementor-form-fields-wrapper elementor-labels-above\">\n\t\t\t\t\t\t\t\t<div class=\"elementor-field-type-text elementor-field-group elementor-column elementor-field-group-name elementor-col-50 elementor-field-required\">\n\t\t\t\t\t\t\t\t\t\t\t\t<label for=\"form-field-name\" class=\"elementor-field-label\">\n\t\t\t\t\t\t\t\tYour surname and first name*\t\t\t\t\t\t\t<\/label>\n\t\t\t\t\t\t\t\t\t\t\t\t\t\t<input size=\"1\" type=\"text\" name=\"form_fields[name]\" id=\"form-field-name\" class=\"elementor-field elementor-size-sm  elementor-field-textual\" required=\"required\" aria-required=\"true\">\n\t\t\t\t\t\t\t\t\t\t\t<\/div>\n\t\t\t\t\t\t\t\t<div class=\"elementor-field-type-text elementor-field-group elementor-column elementor-field-group-field_bb598d2 elementor-col-50 elementor-field-required\">\n\t\t\t\t\t\t\t\t\t\t\t\t<label for=\"form-field-field_bb598d2\" class=\"elementor-field-label\">\n\t\t\t\t\t\t\t\tYour company*\t\t\t\t\t\t\t<\/label>\n\t\t\t\t\t\t\t\t\t\t\t\t\t\t<input size=\"1\" type=\"text\" name=\"form_fields[field_bb598d2]\" id=\"form-field-field_bb598d2\" class=\"elementor-field elementor-size-sm  elementor-field-textual\" required=\"required\" aria-required=\"true\">\n\t\t\t\t\t\t\t\t\t\t\t<\/div>\n\t\t\t\t\t\t\t\t<div class=\"elementor-field-type-email elementor-field-group elementor-column elementor-field-group-email elementor-col-50 elementor-field-required\">\n\t\t\t\t\t\t\t\t\t\t\t\t<label for=\"form-field-email\" class=\"elementor-field-label\">\n\t\t\t\t\t\t\t\tYour email*\t\t\t\t\t\t\t<\/label>\n\t\t\t\t\t\t\t\t\t\t\t\t\t\t<input size=\"1\" type=\"email\" name=\"form_fields[email]\" id=\"form-field-email\" class=\"elementor-field elementor-size-sm  elementor-field-textual\" required=\"required\" aria-required=\"true\">\n\t\t\t\t\t\t\t\t\t\t\t<\/div>\n\t\t\t\t\t\t\t\t<div class=\"elementor-field-type-tel elementor-field-group elementor-column elementor-field-group-field_29716e9 elementor-col-50 elementor-field-required\">\n\t\t\t\t\t\t\t\t\t\t\t\t<label for=\"form-field-field_29716e9\" class=\"elementor-field-label\">\n\t\t\t\t\t\t\t\tYour telephone number*\t\t\t\t\t\t\t<\/label>\n\t\t\t\t\t\t\t\t<input size=\"1\" type=\"tel\" name=\"form_fields[field_29716e9]\" id=\"form-field-field_29716e9\" class=\"elementor-field elementor-size-sm  elementor-field-textual\" required=\"required\" aria-required=\"true\" pattern=\"[0-9()#&amp;+*-=.]+\" title=\"Only numbers and phone characters (#, -, *, etc) are accepted.\">\n\n\t\t\t\t\t\t<\/div>\n\t\t\t\t\t\t\t\t<div class=\"elementor-field-type-textarea elementor-field-group elementor-column elementor-field-group-message elementor-col-100\">\n\t\t\t\t\t\t\t\t\t\t\t\t<label for=\"form-field-message\" class=\"elementor-field-label\">\n\t\t\t\t\t\t\t\tYour message\t\t\t\t\t\t\t<\/label>\n\t\t\t\t\t\t<textarea class=\"elementor-field-textual elementor-field  elementor-size-sm\" name=\"form_fields[message]\" id=\"form-field-message\" rows=\"4\"><\/textarea>\t\t\t\t<\/div>\n\t\t\t\t\t\t\t\t<div class=\"elementor-field-type-acceptance elementor-field-group elementor-column elementor-field-group-acceptance elementor-col-100\">\n\t\t\t\t\t\t\t\t\t\t\t\t<label for=\"form-field-acceptance\" class=\"elementor-field-label\">\n\t\t\t\t\t\t\t\tAcceptation Privacy Policy\t\t\t\t\t\t\t<\/label>\n\t\t\t\t\t\t\t\t<div class=\"elementor-field-subgroup\">\n\t\t\t<span class=\"elementor-field-option\">\n\t\t\t\t<input type=\"checkbox\" name=\"form_fields[acceptance]\" id=\"form-field-acceptance\" class=\"elementor-field elementor-size-sm  elementor-acceptance-field\">\n\t\t\t\t<label for=\"form-field-acceptance\">I authorise the processing of my personal data in line with the <a href=\"https:\/\/luxechicetdecoration.mc\/en\/privacy-policy\/\" target=\"_blank\">Privacy Policy<\/a>.<\/label>\t\t\t<\/span>\n\t\t<\/div>\n\t\t\t\t\t\t<\/div>\n\t\t\t\t\t\t\t\t<div class=\"elementor-field-type-recaptcha_v3 elementor-field-group elementor-column elementor-field-group-field_038cc33 elementor-col-100 recaptcha_v3-bottomright\">\n\t\t\t\t\t<div class=\"elementor-field\" id=\"form-field-field_038cc33\"><div class=\"elementor-g-recaptcha\" data-sitekey=\"6LeUzmMlAAAAAIa4JakGdhpZL1-eHRdrRoNgIp7J\" data-type=\"v3\" data-action=\"Form\" data-badge=\"bottomright\" data-size=\"invisible\"><\/div><\/div>\t\t\t\t<\/div>\n\t\t\t\t\t\t\t\t<div class=\"elementor-field-group elementor-column elementor-field-type-submit elementor-col-100 e-form__buttons\">\n\t\t\t\t\t<button class=\"elementor-button elementor-size-sm\" type=\"submit\">\n\t\t\t\t\t\t<span class=\"elementor-button-content-wrapper\">\n\t\t\t\t\t\t\t\t\t\t\t\t\t\t\t\t\t\t\t\t\t\t<span class=\"elementor-button-text\">SEND<\/span>\n\t\t\t\t\t\t\t\t\t\t\t\t\t<\/span>\n\t\t\t\t\t<\/button>\n\t\t\t\t<\/div>\n\t\t\t<\/div>\n\t\t<\/form>\n\t\t\t\t<\/div>\n\t\t\t\t<\/div>\n\t\t\t\t\t<\/div>\n\t\t\t\t<\/div>\n\t\t\t\t<\/div>\n\t\t","protected":false},"excerpt":{"rendered":"<p>CONTACT US Ask for information about the services we provide.<\/p>\n","protected":false},"author":1,"featured_media":0,"parent":0,"menu_order":0,"comment_status":"closed","ping_status":"closed","template":"","meta":{"footnotes":""},"class_list":["post-1455","page","type-page","status-publish","hentry"],"yoast_head":"<!-- This site is optimized with the Yoast SEO plugin v23.9 - https:\/\/yoast.com\/wordpress\/plugins\/seo\/ -->\n<title>Contact - Luxe Chic &amp; D\u00e9coration<\/title>\n<meta name=\"robots\" content=\"index, follow, max-snippet:-1, max-image-preview:large, max-video-preview:-1\" \/>\n<link rel=\"canonical\" href=\"https:\/\/luxechicetdecoration.mc\/contact\/\" \/>\n<meta property=\"og:locale\" content=\"en_US\" \/>\n<meta property=\"og:type\" content=\"article\" \/>\n<meta property=\"og:title\" content=\"Contact - Luxe Chic &amp; D\u00e9coration\" \/>\n<meta property=\"og:description\" content=\"CONTACT US Ask for information about the services we provide.\" \/>\n<meta property=\"og:url\" content=\"https:\/\/luxechicetdecoration.mc\/contact\/\" \/>\n<meta property=\"og:site_name\" content=\"Luxe Chic &amp; D\u00e9coration\" \/>\n<meta property=\"article:publisher\" content=\"https:\/\/www.facebook.com\/luxechicetdecoration\" \/>\n<meta property=\"article:modified_time\" content=\"2023-11-30T11:23:04+00:00\" \/>\n<meta name=\"twitter:card\" content=\"summary_large_image\" \/>\n<meta name=\"twitter:label1\" content=\"Est. reading time\" \/>\n\t<meta name=\"twitter:data1\" content=\"1 minute\" \/>\n<script type=\"application\/ld+json\" class=\"yoast-schema-graph\">{\"@context\":\"https:\/\/schema.org\",\"@graph\":[{\"@type\":\"WebPage\",\"@id\":\"https:\/\/luxechicetdecoration.mc\/contact\/\",\"url\":\"https:\/\/luxechicetdecoration.mc\/contact\/\",\"name\":\"Contact - Luxe Chic &amp; D\u00e9coration\",\"isPartOf\":{\"@id\":\"https:\/\/luxechicetdecoration.mc\/en\/#website\"},\"datePublished\":\"2023-03-27T16:19:41+00:00\",\"dateModified\":\"2023-11-30T11:23:04+00:00\",\"breadcrumb\":{\"@id\":\"https:\/\/luxechicetdecoration.mc\/contact\/#breadcrumb\"},\"inLanguage\":\"en-US\",\"potentialAction\":[{\"@type\":\"ReadAction\",\"target\":[\"https:\/\/luxechicetdecoration.mc\/contact\/\"]}]},{\"@type\":\"BreadcrumbList\",\"@id\":\"https:\/\/luxechicetdecoration.mc\/contact\/#breadcrumb\",\"itemListElement\":[{\"@type\":\"ListItem\",\"position\":1,\"name\":\"Accueil\",\"item\":\"https:\/\/luxechicetdecoration.mc\/\"},{\"@type\":\"ListItem\",\"position\":2,\"name\":\"Contact\"}]},{\"@type\":\"WebSite\",\"@id\":\"https:\/\/luxechicetdecoration.mc\/en\/#website\",\"url\":\"https:\/\/luxechicetdecoration.mc\/en\/\",\"name\":\"Luxe Chic &amp; D\u00e9coration\",\"description\":\"D\u00e9coration Int\u00e9rieur Monaco\",\"publisher\":{\"@id\":\"https:\/\/luxechicetdecoration.mc\/en\/#organization\"},\"potentialAction\":[{\"@type\":\"SearchAction\",\"target\":{\"@type\":\"EntryPoint\",\"urlTemplate\":\"https:\/\/luxechicetdecoration.mc\/en\/?s={search_term_string}\"},\"query-input\":{\"@type\":\"PropertyValueSpecification\",\"valueRequired\":true,\"valueName\":\"search_term_string\"}}],\"inLanguage\":\"en-US\"},{\"@type\":\"Organization\",\"@id\":\"https:\/\/luxechicetdecoration.mc\/en\/#organization\",\"name\":\"Luxe Chic &amp; D\u00e9coration\",\"url\":\"https:\/\/luxechicetdecoration.mc\/en\/\",\"logo\":{\"@type\":\"ImageObject\",\"inLanguage\":\"en-US\",\"@id\":\"https:\/\/luxechicetdecoration.mc\/en\/#\/schema\/logo\/image\/\",\"url\":\"https:\/\/luxechicetdecoration.mc\/wp-content\/uploads\/2023\/04\/luxe-chic-decoration-main-logo.png\",\"contentUrl\":\"https:\/\/luxechicetdecoration.mc\/wp-content\/uploads\/2023\/04\/luxe-chic-decoration-main-logo.png\",\"width\":396,\"height\":302,\"caption\":\"Luxe Chic &amp; D\u00e9coration\"},\"image\":{\"@id\":\"https:\/\/luxechicetdecoration.mc\/en\/#\/schema\/logo\/image\/\"},\"sameAs\":[\"https:\/\/www.facebook.com\/luxechicetdecoration\",\"https:\/\/www.instagram.com\/luxechicetdecoration\/\"]}]}<\/script>\n<!-- \/ Yoast SEO plugin. -->","yoast_head_json":{"title":"Contact - Luxe Chic &amp; D\u00e9coration","robots":{"index":"index","follow":"follow","max-snippet":"max-snippet:-1","max-image-preview":"max-image-preview:large","max-video-preview":"max-video-preview:-1"},"canonical":"https:\/\/luxechicetdecoration.mc\/contact\/","og_locale":"en_US","og_type":"article","og_title":"Contact - Luxe Chic &amp; D\u00e9coration","og_description":"CONTACT US Ask for information about the services we provide.","og_url":"https:\/\/luxechicetdecoration.mc\/contact\/","og_site_name":"Luxe Chic &amp; D\u00e9coration","article_publisher":"https:\/\/www.facebook.com\/luxechicetdecoration","article_modified_time":"2023-11-30T11:23:04+00:00","twitter_card":"summary_large_image","twitter_misc":{"Est. reading time":"1 minute"},"schema":{"@context":"https:\/\/schema.org","@graph":[{"@type":"WebPage","@id":"https:\/\/luxechicetdecoration.mc\/contact\/","url":"https:\/\/luxechicetdecoration.mc\/contact\/","name":"Contact - Luxe Chic &amp; D\u00e9coration","isPartOf":{"@id":"https:\/\/luxechicetdecoration.mc\/en\/#website"},"datePublished":"2023-03-27T16:19:41+00:00","dateModified":"2023-11-30T11:23:04+00:00","breadcrumb":{"@id":"https:\/\/luxechicetdecoration.mc\/contact\/#breadcrumb"},"inLanguage":"en-US","potentialAction":[{"@type":"ReadAction","target":["https:\/\/luxechicetdecoration.mc\/contact\/"]}]},{"@type":"BreadcrumbList","@id":"https:\/\/luxechicetdecoration.mc\/contact\/#breadcrumb","itemListElement":[{"@type":"ListItem","position":1,"name":"Accueil","item":"https:\/\/luxechicetdecoration.mc\/"},{"@type":"ListItem","position":2,"name":"Contact"}]},{"@type":"WebSite","@id":"https:\/\/luxechicetdecoration.mc\/en\/#website","url":"https:\/\/luxechicetdecoration.mc\/en\/","name":"Luxe Chic &amp; D\u00e9coration","description":"D\u00e9coration Int\u00e9rieur Monaco","publisher":{"@id":"https:\/\/luxechicetdecoration.mc\/en\/#organization"},"potentialAction":[{"@type":"SearchAction","target":{"@type":"EntryPoint","urlTemplate":"https:\/\/luxechicetdecoration.mc\/en\/?s={search_term_string}"},"query-input":{"@type":"PropertyValueSpecification","valueRequired":true,"valueName":"search_term_string"}}],"inLanguage":"en-US"},{"@type":"Organization","@id":"https:\/\/luxechicetdecoration.mc\/en\/#organization","name":"Luxe Chic &amp; D\u00e9coration","url":"https:\/\/luxechicetdecoration.mc\/en\/","logo":{"@type":"ImageObject","inLanguage":"en-US","@id":"https:\/\/luxechicetdecoration.mc\/en\/#\/schema\/logo\/image\/","url":"https:\/\/luxechicetdecoration.mc\/wp-content\/uploads\/2023\/04\/luxe-chic-decoration-main-logo.png","contentUrl":"https:\/\/luxechicetdecoration.mc\/wp-content\/uploads\/2023\/04\/luxe-chic-decoration-main-logo.png","width":396,"height":302,"caption":"Luxe Chic &amp; D\u00e9coration"},"image":{"@id":"https:\/\/luxechicetdecoration.mc\/en\/#\/schema\/logo\/image\/"},"sameAs":["https:\/\/www.facebook.com\/luxechicetdecoration","https:\/\/www.instagram.com\/luxechicetdecoration\/"]}]}},"_links":{"self":[{"href":"https:\/\/luxechicetdecoration.mc\/en\/wp-json\/wp\/v2\/pages\/1455","targetHints":{"allow":["GET"]}}],"collection":[{"href":"https:\/\/luxechicetdecoration.mc\/en\/wp-json\/wp\/v2\/pages"}],"about":[{"href":"https:\/\/luxechicetdecoration.mc\/en\/wp-json\/wp\/v2\/types\/page"}],"author":[{"embeddable":true,"href":"https:\/\/luxechicetdecoration.mc\/en\/wp-json\/wp\/v2\/users\/1"}],"replies":[{"embeddable":true,"href":"https:\/\/luxechicetdecoration.mc\/en\/wp-json\/wp\/v2\/comments?post=1455"}],"version-history":[{"count":27,"href":"https:\/\/luxechicetdecoration.mc\/en\/wp-json\/wp\/v2\/pages\/1455\/revisions"}],"predecessor-version":[{"id":2129,"href":"https:\/\/luxechicetdecoration.mc\/en\/wp-json\/wp\/v2\/pages\/1455\/revisions\/2129"}],"wp:attachment":[{"href":"https:\/\/luxechicetdecoration.mc\/en\/wp-json\/wp\/v2\/media?parent=1455"}],"curies":[{"name":"wp","href":"https:\/\/api.w.org\/{rel}","templated":true}]}}