{"id":2668,"date":"2025-09-25T09:13:27","date_gmt":"2025-09-25T09:13:27","guid":{"rendered":"https:\/\/luxechicetdecoration.mc\/?page_id=2668"},"modified":"2025-09-25T09:36:41","modified_gmt":"2025-09-25T09:36:41","slug":"sothebys-en","status":"publish","type":"page","link":"https:\/\/luxechicetdecoration.mc\/en\/sothebys-en\/","title":{"rendered":"Sotheby&#8217;s &#8211; EN"},"content":{"rendered":"\t\t<div data-elementor-type=\"wp-page\" data-elementor-id=\"2668\" class=\"elementor elementor-2668 elementor-2662\" data-elementor-post-type=\"page\">\n\t\t\t\t<div class=\"elementor-element elementor-element-7ba5e19 e-flex e-con-boxed e-con e-parent\" data-id=\"7ba5e19\" data-element_type=\"container\" data-settings=\"{&quot;background_background&quot;:&quot;classic&quot;}\">\n\t\t\t\t\t<div class=\"e-con-inner\">\n\t\t<div class=\"elementor-element elementor-element-2fd50dd e-con-full e-flex e-con e-child\" data-id=\"2fd50dd\" data-element_type=\"container\">\n\t\t\t\t<div class=\"elementor-element elementor-element-6fbf7b3 elementor-widget elementor-widget-heading\" data-id=\"6fbf7b3\" data-element_type=\"widget\" data-widget_type=\"heading.default\">\n\t\t\t\t<div class=\"elementor-widget-container\">\n\t\t\t<h1 class=\"elementor-heading-title elementor-size-default\">SOTHEBY'S<\/h1>\t\t<\/div>\n\t\t\t\t<\/div>\n\t\t\t\t<div class=\"elementor-element elementor-element-8c97999 elementor-widget elementor-widget-heading\" data-id=\"8c97999\" data-element_type=\"widget\" data-widget_type=\"heading.default\">\n\t\t\t\t<div class=\"elementor-widget-container\">\n\t\t\t<h4 class=\"elementor-heading-title elementor-size-default\">July 2025<\/h4>\t\t<\/div>\n\t\t\t\t<\/div>\n\t\t\t\t<\/div>\n\t\t\t\t<div class=\"elementor-element elementor-element-3f603da uael-img-grid__column-3 uael-img-grid-mobile__column-1 uael-img-grid-tablet__column-3 uael-ins-normal elementor-widget elementor-widget-uael-image-gallery\" data-id=\"3f603da\" data-element_type=\"widget\" data-settings=\"{&quot;gallery_columns&quot;:&quot;3&quot;,&quot;gallery_columns_mobile&quot;:&quot;1&quot;,&quot;gallery_columns_tablet&quot;:&quot;3&quot;,&quot;column_gap&quot;:{&quot;unit&quot;:&quot;px&quot;,&quot;size&quot;:20,&quot;sizes&quot;:[]},&quot;column_gap_tablet&quot;:{&quot;unit&quot;:&quot;px&quot;,&quot;size&quot;:&quot;&quot;,&quot;sizes&quot;:[]},&quot;column_gap_mobile&quot;:{&quot;unit&quot;:&quot;px&quot;,&quot;size&quot;:&quot;&quot;,&quot;sizes&quot;:[]},&quot;row_gap&quot;:{&quot;unit&quot;:&quot;px&quot;,&quot;size&quot;:20,&quot;sizes&quot;:[]},&quot;row_gap_tablet&quot;:{&quot;unit&quot;:&quot;px&quot;,&quot;size&quot;:&quot;&quot;,&quot;sizes&quot;:[]},&quot;row_gap_mobile&quot;:{&quot;unit&quot;:&quot;px&quot;,&quot;size&quot;:&quot;&quot;,&quot;sizes&quot;:[]},&quot;images_valign&quot;:&quot;flex-start&quot;}\" data-widget_type=\"uael-image-gallery.default\">\n\t\t\t\t<div class=\"elementor-widget-container\">\n\t\t\t<div class=\"uael-gallery-parent uael-caption- uael-gallery-unjustified\"><div class=\"uael-img-gallery-wrap uael-img-grid-wrap uael-img-grid-masonry-wrap uael-image-lightbox-wrap\" data-filter-default=\"All\" data-lightbox_actions=\"[&quot;close&quot;]\" data-lightbox-gallery-loop=\"\"><div class=\"uael-grid-item  uael-img-gallery-item-1\"><div class=\"uael-grid-item-content\"><a class=\"uael-grid-img uael-grid-gallery-img uael-ins-hover elementor-clickable\" data-fancybox=\"uael-gallery\" href=\"https:\/\/luxechicetdecoration.mc\/wp-content\/uploads\/2025\/09\/lcd-sothebys-1.jpg\" data-elementor-open-lightbox=\"no\"><div class=\"uael-grid-img-thumbnail uael-ins-target\"><img fetchpriority=\"high\" decoding=\"async\" width=\"920\" height=\"1200\" src=\"https:\/\/luxechicetdecoration.mc\/wp-content\/uploads\/2025\/09\/lcd-sothebys-1.jpg\" class=\"attachment-full size-full wp-image-2660\" alt=\"\" srcset=\"https:\/\/luxechicetdecoration.mc\/wp-content\/uploads\/2025\/09\/lcd-sothebys-1.jpg 920w, https:\/\/luxechicetdecoration.mc\/wp-content\/uploads\/2025\/09\/lcd-sothebys-1-230x300.jpg 230w, https:\/\/luxechicetdecoration.mc\/wp-content\/uploads\/2025\/09\/lcd-sothebys-1-785x1024.jpg 785w, https:\/\/luxechicetdecoration.mc\/wp-content\/uploads\/2025\/09\/lcd-sothebys-1-768x1002.jpg 768w\" sizes=\"(max-width: 920px) 100vw, 920px\" \/><\/div><div class=\"uael-grid-img-overlay\"><\/div><\/a><\/div><\/div><div class=\"uael-grid-item  uael-img-gallery-item-2\"><div class=\"uael-grid-item-content\"><a class=\"uael-grid-img uael-grid-gallery-img uael-ins-hover elementor-clickable\" data-fancybox=\"uael-gallery\" href=\"https:\/\/luxechicetdecoration.mc\/wp-content\/uploads\/2025\/09\/lcd-sothebys-2.jpg\" data-elementor-open-lightbox=\"no\"><div class=\"uael-grid-img-thumbnail uael-ins-target\"><img decoding=\"async\" width=\"914\" height=\"1200\" src=\"https:\/\/luxechicetdecoration.mc\/wp-content\/uploads\/2025\/09\/lcd-sothebys-2.jpg\" class=\"attachment-full size-full wp-image-2658\" alt=\"\" srcset=\"https:\/\/luxechicetdecoration.mc\/wp-content\/uploads\/2025\/09\/lcd-sothebys-2.jpg 914w, https:\/\/luxechicetdecoration.mc\/wp-content\/uploads\/2025\/09\/lcd-sothebys-2-229x300.jpg 229w, https:\/\/luxechicetdecoration.mc\/wp-content\/uploads\/2025\/09\/lcd-sothebys-2-780x1024.jpg 780w, https:\/\/luxechicetdecoration.mc\/wp-content\/uploads\/2025\/09\/lcd-sothebys-2-768x1008.jpg 768w\" sizes=\"(max-width: 914px) 100vw, 914px\" \/><\/div><div class=\"uael-grid-img-overlay\"><\/div><\/a><\/div><\/div><div class=\"uael-grid-item  uael-img-gallery-item-3\"><div class=\"uael-grid-item-content\"><a class=\"uael-grid-img uael-grid-gallery-img uael-ins-hover elementor-clickable\" data-fancybox=\"uael-gallery\" href=\"https:\/\/luxechicetdecoration.mc\/wp-content\/uploads\/2025\/09\/lcd-sothebys-3.jpg\" data-elementor-open-lightbox=\"no\"><div class=\"uael-grid-img-thumbnail uael-ins-target\"><img decoding=\"async\" width=\"910\" height=\"1200\" src=\"https:\/\/luxechicetdecoration.mc\/wp-content\/uploads\/2025\/09\/lcd-sothebys-3.jpg\" class=\"attachment-full size-full wp-image-2656\" alt=\"\" srcset=\"https:\/\/luxechicetdecoration.mc\/wp-content\/uploads\/2025\/09\/lcd-sothebys-3.jpg 910w, https:\/\/luxechicetdecoration.mc\/wp-content\/uploads\/2025\/09\/lcd-sothebys-3-228x300.jpg 228w, https:\/\/luxechicetdecoration.mc\/wp-content\/uploads\/2025\/09\/lcd-sothebys-3-777x1024.jpg 777w, https:\/\/luxechicetdecoration.mc\/wp-content\/uploads\/2025\/09\/lcd-sothebys-3-768x1013.jpg 768w\" sizes=\"(max-width: 910px) 100vw, 910px\" \/><\/div><div class=\"uael-grid-img-overlay\"><\/div><\/a><\/div><\/div><\/div><\/div>\t\t<\/div>\n\t\t\t\t<\/div>\n\t\t\t\t\t<\/div>\n\t\t\t\t<\/div>\n\t\t\t\t<\/div>\n\t\t","protected":false},"excerpt":{"rendered":"<p>SOTHEBY&#8217;S July 2025<\/p>\n","protected":false},"author":1,"featured_media":0,"parent":0,"menu_order":0,"comment_status":"closed","ping_status":"closed","template":"","meta":{"footnotes":""},"class_list":["post-2668","page","type-page","status-publish","hentry"],"yoast_head":"<!-- This site is optimized with the Yoast SEO plugin v23.9 - https:\/\/yoast.com\/wordpress\/plugins\/seo\/ -->\n<title>Sotheby&#039;s - EN - Luxe Chic &amp; D\u00e9coration<\/title>\n<meta name=\"robots\" content=\"index, follow, max-snippet:-1, max-image-preview:large, max-video-preview:-1\" \/>\n<link rel=\"canonical\" href=\"https:\/\/luxechicetdecoration.mc\/en\/sothebys-en\/\" \/>\n<meta property=\"og:locale\" content=\"en_US\" \/>\n<meta property=\"og:type\" content=\"article\" \/>\n<meta property=\"og:title\" content=\"Sotheby&#039;s - EN - Luxe Chic &amp; D\u00e9coration\" \/>\n<meta property=\"og:description\" content=\"SOTHEBY&#8217;S July 2025\" \/>\n<meta property=\"og:url\" content=\"https:\/\/luxechicetdecoration.mc\/en\/sothebys-en\/\" \/>\n<meta property=\"og:site_name\" content=\"Luxe Chic &amp; D\u00e9coration\" \/>\n<meta property=\"article:publisher\" content=\"https:\/\/www.facebook.com\/luxechicetdecoration\" \/>\n<meta property=\"article:modified_time\" content=\"2025-09-25T09:36:41+00:00\" \/>\n<meta property=\"og:image\" content=\"https:\/\/luxechicetdecoration.mc\/wp-content\/uploads\/2025\/09\/lcd-sothebys-1.jpg\" \/>\n\t<meta property=\"og:image:width\" content=\"920\" \/>\n\t<meta property=\"og:image:height\" content=\"1200\" \/>\n\t<meta property=\"og:image:type\" content=\"image\/jpeg\" \/>\n<meta name=\"twitter:card\" content=\"summary_large_image\" \/>\n<meta name=\"twitter:label1\" content=\"Est. reading time\" \/>\n\t<meta name=\"twitter:data1\" content=\"1 minute\" \/>\n<script type=\"application\/ld+json\" class=\"yoast-schema-graph\">{\"@context\":\"https:\/\/schema.org\",\"@graph\":[{\"@type\":\"WebPage\",\"@id\":\"https:\/\/luxechicetdecoration.mc\/en\/sothebys-en\/\",\"url\":\"https:\/\/luxechicetdecoration.mc\/en\/sothebys-en\/\",\"name\":\"Sotheby's - EN - Luxe Chic &amp; D\u00e9coration\",\"isPartOf\":{\"@id\":\"https:\/\/luxechicetdecoration.mc\/en\/#website\"},\"primaryImageOfPage\":{\"@id\":\"https:\/\/luxechicetdecoration.mc\/en\/sothebys-en\/#primaryimage\"},\"image\":{\"@id\":\"https:\/\/luxechicetdecoration.mc\/en\/sothebys-en\/#primaryimage\"},\"thumbnailUrl\":\"https:\/\/luxechicetdecoration.mc\/wp-content\/uploads\/2025\/09\/lcd-sothebys-1.jpg\",\"datePublished\":\"2025-09-25T09:13:27+00:00\",\"dateModified\":\"2025-09-25T09:36:41+00:00\",\"breadcrumb\":{\"@id\":\"https:\/\/luxechicetdecoration.mc\/en\/sothebys-en\/#breadcrumb\"},\"inLanguage\":\"en-US\",\"potentialAction\":[{\"@type\":\"ReadAction\",\"target\":[\"https:\/\/luxechicetdecoration.mc\/en\/sothebys-en\/\"]}]},{\"@type\":\"ImageObject\",\"inLanguage\":\"en-US\",\"@id\":\"https:\/\/luxechicetdecoration.mc\/en\/sothebys-en\/#primaryimage\",\"url\":\"https:\/\/luxechicetdecoration.mc\/wp-content\/uploads\/2025\/09\/lcd-sothebys-1.jpg\",\"contentUrl\":\"https:\/\/luxechicetdecoration.mc\/wp-content\/uploads\/2025\/09\/lcd-sothebys-1.jpg\"},{\"@type\":\"BreadcrumbList\",\"@id\":\"https:\/\/luxechicetdecoration.mc\/en\/sothebys-en\/#breadcrumb\",\"itemListElement\":[{\"@type\":\"ListItem\",\"position\":1,\"name\":\"Accueil\",\"item\":\"https:\/\/luxechicetdecoration.mc\/\"},{\"@type\":\"ListItem\",\"position\":2,\"name\":\"Sotheby&rsquo;s &#8211; EN\"}]},{\"@type\":\"WebSite\",\"@id\":\"https:\/\/luxechicetdecoration.mc\/en\/#website\",\"url\":\"https:\/\/luxechicetdecoration.mc\/en\/\",\"name\":\"Luxe Chic &amp; D\u00e9coration\",\"description\":\"D\u00e9coration Int\u00e9rieur Monaco\",\"publisher\":{\"@id\":\"https:\/\/luxechicetdecoration.mc\/en\/#organization\"},\"potentialAction\":[{\"@type\":\"SearchAction\",\"target\":{\"@type\":\"EntryPoint\",\"urlTemplate\":\"https:\/\/luxechicetdecoration.mc\/en\/?s={search_term_string}\"},\"query-input\":{\"@type\":\"PropertyValueSpecification\",\"valueRequired\":true,\"valueName\":\"search_term_string\"}}],\"inLanguage\":\"en-US\"},{\"@type\":\"Organization\",\"@id\":\"https:\/\/luxechicetdecoration.mc\/en\/#organization\",\"name\":\"Luxe Chic &amp; D\u00e9coration\",\"url\":\"https:\/\/luxechicetdecoration.mc\/en\/\",\"logo\":{\"@type\":\"ImageObject\",\"inLanguage\":\"en-US\",\"@id\":\"https:\/\/luxechicetdecoration.mc\/en\/#\/schema\/logo\/image\/\",\"url\":\"https:\/\/luxechicetdecoration.mc\/wp-content\/uploads\/2023\/04\/luxe-chic-decoration-main-logo.png\",\"contentUrl\":\"https:\/\/luxechicetdecoration.mc\/wp-content\/uploads\/2023\/04\/luxe-chic-decoration-main-logo.png\",\"width\":396,\"height\":302,\"caption\":\"Luxe Chic &amp; D\u00e9coration\"},\"image\":{\"@id\":\"https:\/\/luxechicetdecoration.mc\/en\/#\/schema\/logo\/image\/\"},\"sameAs\":[\"https:\/\/www.facebook.com\/luxechicetdecoration\",\"https:\/\/www.instagram.com\/luxechicetdecoration\/\"]}]}<\/script>\n<!-- \/ Yoast SEO plugin. -->","yoast_head_json":{"title":"Sotheby's - EN - Luxe Chic &amp; D\u00e9coration","robots":{"index":"index","follow":"follow","max-snippet":"max-snippet:-1","max-image-preview":"max-image-preview:large","max-video-preview":"max-video-preview:-1"},"canonical":"https:\/\/luxechicetdecoration.mc\/en\/sothebys-en\/","og_locale":"en_US","og_type":"article","og_title":"Sotheby's - EN - Luxe Chic &amp; D\u00e9coration","og_description":"SOTHEBY&#8217;S July 2025","og_url":"https:\/\/luxechicetdecoration.mc\/en\/sothebys-en\/","og_site_name":"Luxe Chic &amp; D\u00e9coration","article_publisher":"https:\/\/www.facebook.com\/luxechicetdecoration","article_modified_time":"2025-09-25T09:36:41+00:00","og_image":[{"width":920,"height":1200,"url":"https:\/\/luxechicetdecoration.mc\/wp-content\/uploads\/2025\/09\/lcd-sothebys-1.jpg","type":"image\/jpeg"}],"twitter_card":"summary_large_image","twitter_misc":{"Est. reading time":"1 minute"},"schema":{"@context":"https:\/\/schema.org","@graph":[{"@type":"WebPage","@id":"https:\/\/luxechicetdecoration.mc\/en\/sothebys-en\/","url":"https:\/\/luxechicetdecoration.mc\/en\/sothebys-en\/","name":"Sotheby's - EN - Luxe Chic &amp; D\u00e9coration","isPartOf":{"@id":"https:\/\/luxechicetdecoration.mc\/en\/#website"},"primaryImageOfPage":{"@id":"https:\/\/luxechicetdecoration.mc\/en\/sothebys-en\/#primaryimage"},"image":{"@id":"https:\/\/luxechicetdecoration.mc\/en\/sothebys-en\/#primaryimage"},"thumbnailUrl":"https:\/\/luxechicetdecoration.mc\/wp-content\/uploads\/2025\/09\/lcd-sothebys-1.jpg","datePublished":"2025-09-25T09:13:27+00:00","dateModified":"2025-09-25T09:36:41+00:00","breadcrumb":{"@id":"https:\/\/luxechicetdecoration.mc\/en\/sothebys-en\/#breadcrumb"},"inLanguage":"en-US","potentialAction":[{"@type":"ReadAction","target":["https:\/\/luxechicetdecoration.mc\/en\/sothebys-en\/"]}]},{"@type":"ImageObject","inLanguage":"en-US","@id":"https:\/\/luxechicetdecoration.mc\/en\/sothebys-en\/#primaryimage","url":"https:\/\/luxechicetdecoration.mc\/wp-content\/uploads\/2025\/09\/lcd-sothebys-1.jpg","contentUrl":"https:\/\/luxechicetdecoration.mc\/wp-content\/uploads\/2025\/09\/lcd-sothebys-1.jpg"},{"@type":"BreadcrumbList","@id":"https:\/\/luxechicetdecoration.mc\/en\/sothebys-en\/#breadcrumb","itemListElement":[{"@type":"ListItem","position":1,"name":"Accueil","item":"https:\/\/luxechicetdecoration.mc\/"},{"@type":"ListItem","position":2,"name":"Sotheby&rsquo;s &#8211; EN"}]},{"@type":"WebSite","@id":"https:\/\/luxechicetdecoration.mc\/en\/#website","url":"https:\/\/luxechicetdecoration.mc\/en\/","name":"Luxe Chic &amp; D\u00e9coration","description":"D\u00e9coration Int\u00e9rieur Monaco","publisher":{"@id":"https:\/\/luxechicetdecoration.mc\/en\/#organization"},"potentialAction":[{"@type":"SearchAction","target":{"@type":"EntryPoint","urlTemplate":"https:\/\/luxechicetdecoration.mc\/en\/?s={search_term_string}"},"query-input":{"@type":"PropertyValueSpecification","valueRequired":true,"valueName":"search_term_string"}}],"inLanguage":"en-US"},{"@type":"Organization","@id":"https:\/\/luxechicetdecoration.mc\/en\/#organization","name":"Luxe Chic &amp; D\u00e9coration","url":"https:\/\/luxechicetdecoration.mc\/en\/","logo":{"@type":"ImageObject","inLanguage":"en-US","@id":"https:\/\/luxechicetdecoration.mc\/en\/#\/schema\/logo\/image\/","url":"https:\/\/luxechicetdecoration.mc\/wp-content\/uploads\/2023\/04\/luxe-chic-decoration-main-logo.png","contentUrl":"https:\/\/luxechicetdecoration.mc\/wp-content\/uploads\/2023\/04\/luxe-chic-decoration-main-logo.png","width":396,"height":302,"caption":"Luxe Chic &amp; D\u00e9coration"},"image":{"@id":"https:\/\/luxechicetdecoration.mc\/en\/#\/schema\/logo\/image\/"},"sameAs":["https:\/\/www.facebook.com\/luxechicetdecoration","https:\/\/www.instagram.com\/luxechicetdecoration\/"]}]}},"_links":{"self":[{"href":"https:\/\/luxechicetdecoration.mc\/en\/wp-json\/wp\/v2\/pages\/2668","targetHints":{"allow":["GET"]}}],"collection":[{"href":"https:\/\/luxechicetdecoration.mc\/en\/wp-json\/wp\/v2\/pages"}],"about":[{"href":"https:\/\/luxechicetdecoration.mc\/en\/wp-json\/wp\/v2\/types\/page"}],"author":[{"embeddable":true,"href":"https:\/\/luxechicetdecoration.mc\/en\/wp-json\/wp\/v2\/users\/1"}],"replies":[{"embeddable":true,"href":"https:\/\/luxechicetdecoration.mc\/en\/wp-json\/wp\/v2\/comments?post=2668"}],"version-history":[{"count":10,"href":"https:\/\/luxechicetdecoration.mc\/en\/wp-json\/wp\/v2\/pages\/2668\/revisions"}],"predecessor-version":[{"id":2710,"href":"https:\/\/luxechicetdecoration.mc\/en\/wp-json\/wp\/v2\/pages\/2668\/revisions\/2710"}],"wp:attachment":[{"href":"https:\/\/luxechicetdecoration.mc\/en\/wp-json\/wp\/v2\/media?parent=2668"}],"curies":[{"name":"wp","href":"https:\/\/api.w.org\/{rel}","templated":true}]}}