{"id":2691,"date":"2025-09-25T09:19:47","date_gmt":"2025-09-25T09:19:47","guid":{"rendered":"https:\/\/luxechicetdecoration.mc\/?page_id=2691"},"modified":"2025-09-25T09:37:05","modified_gmt":"2025-09-25T09:37:05","slug":"inside-riviera-en","status":"publish","type":"page","link":"https:\/\/luxechicetdecoration.mc\/en\/inside-riviera-en\/","title":{"rendered":"Inside Riviera &#8211; EN"},"content":{"rendered":"\t\t<div data-elementor-type=\"wp-page\" data-elementor-id=\"2691\" class=\"elementor elementor-2691 elementor-2674\" data-elementor-post-type=\"page\">\n\t\t\t\t<div class=\"elementor-element elementor-element-b2b96b2 e-flex e-con-boxed e-con e-parent\" data-id=\"b2b96b2\" data-element_type=\"container\" data-settings=\"{&quot;background_background&quot;:&quot;classic&quot;}\">\n\t\t\t\t\t<div class=\"e-con-inner\">\n\t\t<div class=\"elementor-element elementor-element-c04c5d7 e-con-full e-flex e-con e-child\" data-id=\"c04c5d7\" data-element_type=\"container\">\n\t\t\t\t<div class=\"elementor-element elementor-element-3692328 elementor-widget elementor-widget-heading\" data-id=\"3692328\" data-element_type=\"widget\" data-widget_type=\"heading.default\">\n\t\t\t\t<div class=\"elementor-widget-container\">\n\t\t\t<h1 class=\"elementor-heading-title elementor-size-default\">INSIDE RIVIERA<\/h1>\t\t<\/div>\n\t\t\t\t<\/div>\n\t\t\t\t<div class=\"elementor-element elementor-element-de2c805 elementor-widget elementor-widget-heading\" data-id=\"de2c805\" data-element_type=\"widget\" data-widget_type=\"heading.default\">\n\t\t\t\t<div class=\"elementor-widget-container\">\n\t\t\t<h4 class=\"elementor-heading-title elementor-size-default\">September 2025<\/h4>\t\t<\/div>\n\t\t\t\t<\/div>\n\t\t\t\t<div class=\"elementor-element elementor-element-3afad68 elementor-mobile-align-center elementor-align-center elementor-widget elementor-widget-button\" data-id=\"3afad68\" data-element_type=\"widget\" data-widget_type=\"button.default\">\n\t\t\t\t<div class=\"elementor-widget-container\">\n\t\t\t\t\t\t\t<div class=\"elementor-button-wrapper\">\n\t\t\t\t\t<a class=\"elementor-button elementor-button-link elementor-size-sm\" href=\"https:\/\/luxechicetdecoration.mc\/wp-content\/uploads\/2025\/09\/inside-riviera.pdf\" target=\"_blank\">\n\t\t\t\t\t\t<span class=\"elementor-button-content-wrapper\">\n\t\t\t\t\t\t\t\t\t<span class=\"elementor-button-text\">READ THE ARTICLE<\/span>\n\t\t\t\t\t<\/span>\n\t\t\t\t\t<\/a>\n\t\t\t\t<\/div>\n\t\t\t\t\t\t<\/div>\n\t\t\t\t<\/div>\n\t\t\t\t<\/div>\n\t\t\t\t<div class=\"elementor-element elementor-element-2092939 uael-img-grid__column-3 uael-img-grid-mobile__column-1 uael-img-grid-tablet__column-3 uael-ins-normal elementor-widget elementor-widget-uael-image-gallery\" data-id=\"2092939\" data-element_type=\"widget\" data-settings=\"{&quot;gallery_columns&quot;:&quot;3&quot;,&quot;gallery_columns_mobile&quot;:&quot;1&quot;,&quot;gallery_columns_tablet&quot;:&quot;3&quot;,&quot;column_gap&quot;:{&quot;unit&quot;:&quot;px&quot;,&quot;size&quot;:20,&quot;sizes&quot;:[]},&quot;column_gap_tablet&quot;:{&quot;unit&quot;:&quot;px&quot;,&quot;size&quot;:&quot;&quot;,&quot;sizes&quot;:[]},&quot;column_gap_mobile&quot;:{&quot;unit&quot;:&quot;px&quot;,&quot;size&quot;:&quot;&quot;,&quot;sizes&quot;:[]},&quot;row_gap&quot;:{&quot;unit&quot;:&quot;px&quot;,&quot;size&quot;:20,&quot;sizes&quot;:[]},&quot;row_gap_tablet&quot;:{&quot;unit&quot;:&quot;px&quot;,&quot;size&quot;:&quot;&quot;,&quot;sizes&quot;:[]},&quot;row_gap_mobile&quot;:{&quot;unit&quot;:&quot;px&quot;,&quot;size&quot;:&quot;&quot;,&quot;sizes&quot;:[]},&quot;images_valign&quot;:&quot;flex-start&quot;}\" data-widget_type=\"uael-image-gallery.default\">\n\t\t\t\t<div class=\"elementor-widget-container\">\n\t\t\t<div class=\"uael-gallery-parent uael-caption- uael-gallery-unjustified\"><div class=\"uael-img-gallery-wrap uael-img-grid-wrap uael-img-grid-masonry-wrap uael-image-lightbox-wrap\" data-filter-default=\"All\" data-lightbox_actions=\"[&quot;close&quot;]\" data-lightbox-gallery-loop=\"\"><div class=\"uael-grid-item  uael-img-gallery-item-1\"><div class=\"uael-grid-item-content\"><a class=\"uael-grid-img uael-grid-gallery-img uael-ins-hover elementor-clickable\" data-fancybox=\"uael-gallery\" href=\"https:\/\/luxechicetdecoration.mc\/wp-content\/uploads\/2025\/09\/lcd-inside-riviera-1.jpg\" data-elementor-open-lightbox=\"no\"><div class=\"uael-grid-img-thumbnail uael-ins-target\"><img fetchpriority=\"high\" decoding=\"async\" width=\"960\" height=\"1200\" src=\"https:\/\/luxechicetdecoration.mc\/wp-content\/uploads\/2025\/09\/lcd-inside-riviera-1.jpg\" class=\"attachment-full size-full wp-image-2654\" alt=\"\" srcset=\"https:\/\/luxechicetdecoration.mc\/wp-content\/uploads\/2025\/09\/lcd-inside-riviera-1.jpg 960w, https:\/\/luxechicetdecoration.mc\/wp-content\/uploads\/2025\/09\/lcd-inside-riviera-1-240x300.jpg 240w, https:\/\/luxechicetdecoration.mc\/wp-content\/uploads\/2025\/09\/lcd-inside-riviera-1-819x1024.jpg 819w, https:\/\/luxechicetdecoration.mc\/wp-content\/uploads\/2025\/09\/lcd-inside-riviera-1-768x960.jpg 768w\" sizes=\"(max-width: 960px) 100vw, 960px\" \/><\/div><div class=\"uael-grid-img-overlay\"><\/div><\/a><\/div><\/div><div class=\"uael-grid-item  uael-img-gallery-item-2\"><div class=\"uael-grid-item-content\"><a class=\"uael-grid-img uael-grid-gallery-img uael-ins-hover elementor-clickable\" data-fancybox=\"uael-gallery\" href=\"https:\/\/luxechicetdecoration.mc\/wp-content\/uploads\/2025\/09\/lcd-inside-riviera-2.jpg\" data-elementor-open-lightbox=\"no\"><div class=\"uael-grid-img-thumbnail uael-ins-target\"><img decoding=\"async\" width=\"960\" height=\"1200\" src=\"https:\/\/luxechicetdecoration.mc\/wp-content\/uploads\/2025\/09\/lcd-inside-riviera-2.jpg\" class=\"attachment-full size-full wp-image-2652\" alt=\"\" srcset=\"https:\/\/luxechicetdecoration.mc\/wp-content\/uploads\/2025\/09\/lcd-inside-riviera-2.jpg 960w, https:\/\/luxechicetdecoration.mc\/wp-content\/uploads\/2025\/09\/lcd-inside-riviera-2-240x300.jpg 240w, https:\/\/luxechicetdecoration.mc\/wp-content\/uploads\/2025\/09\/lcd-inside-riviera-2-819x1024.jpg 819w, https:\/\/luxechicetdecoration.mc\/wp-content\/uploads\/2025\/09\/lcd-inside-riviera-2-768x960.jpg 768w\" sizes=\"(max-width: 960px) 100vw, 960px\" \/><\/div><div class=\"uael-grid-img-overlay\"><\/div><\/a><\/div><\/div><div class=\"uael-grid-item  uael-img-gallery-item-3\"><div class=\"uael-grid-item-content\"><a class=\"uael-grid-img uael-grid-gallery-img uael-ins-hover elementor-clickable\" data-fancybox=\"uael-gallery\" href=\"https:\/\/luxechicetdecoration.mc\/wp-content\/uploads\/2025\/09\/lcd-inside-riviera-3.jpg\" data-elementor-open-lightbox=\"no\"><div class=\"uael-grid-img-thumbnail uael-ins-target\"><img decoding=\"async\" width=\"960\" height=\"1200\" src=\"https:\/\/luxechicetdecoration.mc\/wp-content\/uploads\/2025\/09\/lcd-inside-riviera-3.jpg\" class=\"attachment-full size-full wp-image-2650\" alt=\"\" srcset=\"https:\/\/luxechicetdecoration.mc\/wp-content\/uploads\/2025\/09\/lcd-inside-riviera-3.jpg 960w, https:\/\/luxechicetdecoration.mc\/wp-content\/uploads\/2025\/09\/lcd-inside-riviera-3-240x300.jpg 240w, https:\/\/luxechicetdecoration.mc\/wp-content\/uploads\/2025\/09\/lcd-inside-riviera-3-819x1024.jpg 819w, https:\/\/luxechicetdecoration.mc\/wp-content\/uploads\/2025\/09\/lcd-inside-riviera-3-768x960.jpg 768w\" sizes=\"(max-width: 960px) 100vw, 960px\" \/><\/div><div class=\"uael-grid-img-overlay\"><\/div><\/a><\/div><\/div><div class=\"uael-grid-item  uael-img-gallery-item-4\"><div class=\"uael-grid-item-content\"><a class=\"uael-grid-img uael-grid-gallery-img uael-ins-hover elementor-clickable\" data-fancybox=\"uael-gallery\" href=\"https:\/\/luxechicetdecoration.mc\/wp-content\/uploads\/2025\/09\/lcd-inside-riviera-4.jpg\" data-elementor-open-lightbox=\"no\"><div class=\"uael-grid-img-thumbnail uael-ins-target\"><img loading=\"lazy\" decoding=\"async\" width=\"960\" height=\"1200\" src=\"https:\/\/luxechicetdecoration.mc\/wp-content\/uploads\/2025\/09\/lcd-inside-riviera-4.jpg\" class=\"attachment-full size-full wp-image-2648\" alt=\"\" srcset=\"https:\/\/luxechicetdecoration.mc\/wp-content\/uploads\/2025\/09\/lcd-inside-riviera-4.jpg 960w, https:\/\/luxechicetdecoration.mc\/wp-content\/uploads\/2025\/09\/lcd-inside-riviera-4-240x300.jpg 240w, https:\/\/luxechicetdecoration.mc\/wp-content\/uploads\/2025\/09\/lcd-inside-riviera-4-819x1024.jpg 819w, https:\/\/luxechicetdecoration.mc\/wp-content\/uploads\/2025\/09\/lcd-inside-riviera-4-768x960.jpg 768w\" sizes=\"(max-width: 960px) 100vw, 960px\" \/><\/div><div class=\"uael-grid-img-overlay\"><\/div><\/a><\/div><\/div><div class=\"uael-grid-item  uael-img-gallery-item-5\"><div class=\"uael-grid-item-content\"><a class=\"uael-grid-img uael-grid-gallery-img uael-ins-hover elementor-clickable\" data-fancybox=\"uael-gallery\" href=\"https:\/\/luxechicetdecoration.mc\/wp-content\/uploads\/2025\/09\/lcd-inside-riviera-5.jpg\" data-elementor-open-lightbox=\"no\"><div class=\"uael-grid-img-thumbnail uael-ins-target\"><img loading=\"lazy\" decoding=\"async\" width=\"960\" height=\"1200\" src=\"https:\/\/luxechicetdecoration.mc\/wp-content\/uploads\/2025\/09\/lcd-inside-riviera-5.jpg\" class=\"attachment-full size-full wp-image-2646\" alt=\"\" srcset=\"https:\/\/luxechicetdecoration.mc\/wp-content\/uploads\/2025\/09\/lcd-inside-riviera-5.jpg 960w, https:\/\/luxechicetdecoration.mc\/wp-content\/uploads\/2025\/09\/lcd-inside-riviera-5-240x300.jpg 240w, https:\/\/luxechicetdecoration.mc\/wp-content\/uploads\/2025\/09\/lcd-inside-riviera-5-819x1024.jpg 819w, https:\/\/luxechicetdecoration.mc\/wp-content\/uploads\/2025\/09\/lcd-inside-riviera-5-768x960.jpg 768w\" sizes=\"(max-width: 960px) 100vw, 960px\" \/><\/div><div class=\"uael-grid-img-overlay\"><\/div><\/a><\/div><\/div><div class=\"uael-grid-item  uael-img-gallery-item-6\"><div class=\"uael-grid-item-content\"><a class=\"uael-grid-img uael-grid-gallery-img uael-ins-hover elementor-clickable\" data-fancybox=\"uael-gallery\" href=\"https:\/\/luxechicetdecoration.mc\/wp-content\/uploads\/2025\/09\/lcd-inside-riviera-6.jpg\" data-elementor-open-lightbox=\"no\"><div class=\"uael-grid-img-thumbnail uael-ins-target\"><img loading=\"lazy\" decoding=\"async\" width=\"960\" height=\"1200\" src=\"https:\/\/luxechicetdecoration.mc\/wp-content\/uploads\/2025\/09\/lcd-inside-riviera-6.jpg\" class=\"attachment-full size-full wp-image-2644\" alt=\"\" srcset=\"https:\/\/luxechicetdecoration.mc\/wp-content\/uploads\/2025\/09\/lcd-inside-riviera-6.jpg 960w, https:\/\/luxechicetdecoration.mc\/wp-content\/uploads\/2025\/09\/lcd-inside-riviera-6-240x300.jpg 240w, https:\/\/luxechicetdecoration.mc\/wp-content\/uploads\/2025\/09\/lcd-inside-riviera-6-819x1024.jpg 819w, https:\/\/luxechicetdecoration.mc\/wp-content\/uploads\/2025\/09\/lcd-inside-riviera-6-768x960.jpg 768w\" sizes=\"(max-width: 960px) 100vw, 960px\" \/><\/div><div class=\"uael-grid-img-overlay\"><\/div><\/a><\/div><\/div><div class=\"uael-grid-item  uael-img-gallery-item-7\"><div class=\"uael-grid-item-content\"><a class=\"uael-grid-img uael-grid-gallery-img uael-ins-hover elementor-clickable\" data-fancybox=\"uael-gallery\" href=\"https:\/\/luxechicetdecoration.mc\/wp-content\/uploads\/2025\/09\/lcd-inside-riviera-7.jpg\" data-elementor-open-lightbox=\"no\"><div class=\"uael-grid-img-thumbnail uael-ins-target\"><img loading=\"lazy\" decoding=\"async\" width=\"960\" height=\"1200\" src=\"https:\/\/luxechicetdecoration.mc\/wp-content\/uploads\/2025\/09\/lcd-inside-riviera-7.jpg\" class=\"attachment-full size-full wp-image-2642\" alt=\"\" srcset=\"https:\/\/luxechicetdecoration.mc\/wp-content\/uploads\/2025\/09\/lcd-inside-riviera-7.jpg 960w, https:\/\/luxechicetdecoration.mc\/wp-content\/uploads\/2025\/09\/lcd-inside-riviera-7-240x300.jpg 240w, https:\/\/luxechicetdecoration.mc\/wp-content\/uploads\/2025\/09\/lcd-inside-riviera-7-819x1024.jpg 819w, https:\/\/luxechicetdecoration.mc\/wp-content\/uploads\/2025\/09\/lcd-inside-riviera-7-768x960.jpg 768w\" sizes=\"(max-width: 960px) 100vw, 960px\" \/><\/div><div class=\"uael-grid-img-overlay\"><\/div><\/a><\/div><\/div><\/div><\/div>\t\t<\/div>\n\t\t\t\t<\/div>\n\t\t\t\t\t<\/div>\n\t\t\t\t<\/div>\n\t\t\t\t<\/div>\n\t\t","protected":false},"excerpt":{"rendered":"<p>INSIDE RIVIERA September 2025 READ THE ARTICLE<\/p>\n","protected":false},"author":1,"featured_media":0,"parent":0,"menu_order":0,"comment_status":"closed","ping_status":"closed","template":"","meta":{"footnotes":""},"class_list":["post-2691","page","type-page","status-publish","hentry"],"yoast_head":"<!-- This site is optimized with the Yoast SEO plugin v23.9 - https:\/\/yoast.com\/wordpress\/plugins\/seo\/ -->\n<title>Inside Riviera - EN - Luxe Chic &amp; D\u00e9coration<\/title>\n<meta name=\"robots\" content=\"index, follow, max-snippet:-1, max-image-preview:large, max-video-preview:-1\" \/>\n<link rel=\"canonical\" href=\"https:\/\/luxechicetdecoration.mc\/en\/inside-riviera-en\/\" \/>\n<meta property=\"og:locale\" content=\"en_US\" \/>\n<meta property=\"og:type\" content=\"article\" \/>\n<meta property=\"og:title\" content=\"Inside Riviera - EN - Luxe Chic &amp; D\u00e9coration\" \/>\n<meta property=\"og:description\" content=\"INSIDE RIVIERA September 2025 READ THE ARTICLE\" \/>\n<meta property=\"og:url\" content=\"https:\/\/luxechicetdecoration.mc\/en\/inside-riviera-en\/\" \/>\n<meta property=\"og:site_name\" content=\"Luxe Chic &amp; D\u00e9coration\" \/>\n<meta property=\"article:publisher\" content=\"https:\/\/www.facebook.com\/luxechicetdecoration\" \/>\n<meta property=\"article:modified_time\" content=\"2025-09-25T09:37:05+00:00\" \/>\n<meta property=\"og:image\" content=\"https:\/\/luxechicetdecoration.mc\/wp-content\/uploads\/2025\/09\/lcd-inside-riviera-1.jpg\" \/>\n\t<meta property=\"og:image:width\" content=\"960\" \/>\n\t<meta property=\"og:image:height\" content=\"1200\" \/>\n\t<meta property=\"og:image:type\" content=\"image\/jpeg\" \/>\n<meta name=\"twitter:card\" content=\"summary_large_image\" \/>\n<meta name=\"twitter:label1\" content=\"Est. reading time\" \/>\n\t<meta name=\"twitter:data1\" content=\"2 minutes\" \/>\n<script type=\"application\/ld+json\" class=\"yoast-schema-graph\">{\"@context\":\"https:\/\/schema.org\",\"@graph\":[{\"@type\":\"WebPage\",\"@id\":\"https:\/\/luxechicetdecoration.mc\/en\/inside-riviera-en\/\",\"url\":\"https:\/\/luxechicetdecoration.mc\/en\/inside-riviera-en\/\",\"name\":\"Inside Riviera - EN - Luxe Chic &amp; D\u00e9coration\",\"isPartOf\":{\"@id\":\"https:\/\/luxechicetdecoration.mc\/en\/#website\"},\"primaryImageOfPage\":{\"@id\":\"https:\/\/luxechicetdecoration.mc\/en\/inside-riviera-en\/#primaryimage\"},\"image\":{\"@id\":\"https:\/\/luxechicetdecoration.mc\/en\/inside-riviera-en\/#primaryimage\"},\"thumbnailUrl\":\"https:\/\/luxechicetdecoration.mc\/wp-content\/uploads\/2025\/09\/lcd-inside-riviera-1.jpg\",\"datePublished\":\"2025-09-25T09:19:47+00:00\",\"dateModified\":\"2025-09-25T09:37:05+00:00\",\"breadcrumb\":{\"@id\":\"https:\/\/luxechicetdecoration.mc\/en\/inside-riviera-en\/#breadcrumb\"},\"inLanguage\":\"en-US\",\"potentialAction\":[{\"@type\":\"ReadAction\",\"target\":[\"https:\/\/luxechicetdecoration.mc\/en\/inside-riviera-en\/\"]}]},{\"@type\":\"ImageObject\",\"inLanguage\":\"en-US\",\"@id\":\"https:\/\/luxechicetdecoration.mc\/en\/inside-riviera-en\/#primaryimage\",\"url\":\"https:\/\/luxechicetdecoration.mc\/wp-content\/uploads\/2025\/09\/lcd-inside-riviera-1.jpg\",\"contentUrl\":\"https:\/\/luxechicetdecoration.mc\/wp-content\/uploads\/2025\/09\/lcd-inside-riviera-1.jpg\"},{\"@type\":\"BreadcrumbList\",\"@id\":\"https:\/\/luxechicetdecoration.mc\/en\/inside-riviera-en\/#breadcrumb\",\"itemListElement\":[{\"@type\":\"ListItem\",\"position\":1,\"name\":\"Accueil\",\"item\":\"https:\/\/luxechicetdecoration.mc\/\"},{\"@type\":\"ListItem\",\"position\":2,\"name\":\"Inside Riviera &#8211; EN\"}]},{\"@type\":\"WebSite\",\"@id\":\"https:\/\/luxechicetdecoration.mc\/en\/#website\",\"url\":\"https:\/\/luxechicetdecoration.mc\/en\/\",\"name\":\"Luxe Chic &amp; D\u00e9coration\",\"description\":\"D\u00e9coration Int\u00e9rieur Monaco\",\"publisher\":{\"@id\":\"https:\/\/luxechicetdecoration.mc\/en\/#organization\"},\"potentialAction\":[{\"@type\":\"SearchAction\",\"target\":{\"@type\":\"EntryPoint\",\"urlTemplate\":\"https:\/\/luxechicetdecoration.mc\/en\/?s={search_term_string}\"},\"query-input\":{\"@type\":\"PropertyValueSpecification\",\"valueRequired\":true,\"valueName\":\"search_term_string\"}}],\"inLanguage\":\"en-US\"},{\"@type\":\"Organization\",\"@id\":\"https:\/\/luxechicetdecoration.mc\/en\/#organization\",\"name\":\"Luxe Chic &amp; D\u00e9coration\",\"url\":\"https:\/\/luxechicetdecoration.mc\/en\/\",\"logo\":{\"@type\":\"ImageObject\",\"inLanguage\":\"en-US\",\"@id\":\"https:\/\/luxechicetdecoration.mc\/en\/#\/schema\/logo\/image\/\",\"url\":\"https:\/\/luxechicetdecoration.mc\/wp-content\/uploads\/2023\/04\/luxe-chic-decoration-main-logo.png\",\"contentUrl\":\"https:\/\/luxechicetdecoration.mc\/wp-content\/uploads\/2023\/04\/luxe-chic-decoration-main-logo.png\",\"width\":396,\"height\":302,\"caption\":\"Luxe Chic &amp; D\u00e9coration\"},\"image\":{\"@id\":\"https:\/\/luxechicetdecoration.mc\/en\/#\/schema\/logo\/image\/\"},\"sameAs\":[\"https:\/\/www.facebook.com\/luxechicetdecoration\",\"https:\/\/www.instagram.com\/luxechicetdecoration\/\"]}]}<\/script>\n<!-- \/ Yoast SEO plugin. -->","yoast_head_json":{"title":"Inside Riviera - EN - Luxe Chic &amp; D\u00e9coration","robots":{"index":"index","follow":"follow","max-snippet":"max-snippet:-1","max-image-preview":"max-image-preview:large","max-video-preview":"max-video-preview:-1"},"canonical":"https:\/\/luxechicetdecoration.mc\/en\/inside-riviera-en\/","og_locale":"en_US","og_type":"article","og_title":"Inside Riviera - EN - Luxe Chic &amp; D\u00e9coration","og_description":"INSIDE RIVIERA September 2025 READ THE ARTICLE","og_url":"https:\/\/luxechicetdecoration.mc\/en\/inside-riviera-en\/","og_site_name":"Luxe Chic &amp; D\u00e9coration","article_publisher":"https:\/\/www.facebook.com\/luxechicetdecoration","article_modified_time":"2025-09-25T09:37:05+00:00","og_image":[{"width":960,"height":1200,"url":"https:\/\/luxechicetdecoration.mc\/wp-content\/uploads\/2025\/09\/lcd-inside-riviera-1.jpg","type":"image\/jpeg"}],"twitter_card":"summary_large_image","twitter_misc":{"Est. reading time":"2 minutes"},"schema":{"@context":"https:\/\/schema.org","@graph":[{"@type":"WebPage","@id":"https:\/\/luxechicetdecoration.mc\/en\/inside-riviera-en\/","url":"https:\/\/luxechicetdecoration.mc\/en\/inside-riviera-en\/","name":"Inside Riviera - EN - Luxe Chic &amp; D\u00e9coration","isPartOf":{"@id":"https:\/\/luxechicetdecoration.mc\/en\/#website"},"primaryImageOfPage":{"@id":"https:\/\/luxechicetdecoration.mc\/en\/inside-riviera-en\/#primaryimage"},"image":{"@id":"https:\/\/luxechicetdecoration.mc\/en\/inside-riviera-en\/#primaryimage"},"thumbnailUrl":"https:\/\/luxechicetdecoration.mc\/wp-content\/uploads\/2025\/09\/lcd-inside-riviera-1.jpg","datePublished":"2025-09-25T09:19:47+00:00","dateModified":"2025-09-25T09:37:05+00:00","breadcrumb":{"@id":"https:\/\/luxechicetdecoration.mc\/en\/inside-riviera-en\/#breadcrumb"},"inLanguage":"en-US","potentialAction":[{"@type":"ReadAction","target":["https:\/\/luxechicetdecoration.mc\/en\/inside-riviera-en\/"]}]},{"@type":"ImageObject","inLanguage":"en-US","@id":"https:\/\/luxechicetdecoration.mc\/en\/inside-riviera-en\/#primaryimage","url":"https:\/\/luxechicetdecoration.mc\/wp-content\/uploads\/2025\/09\/lcd-inside-riviera-1.jpg","contentUrl":"https:\/\/luxechicetdecoration.mc\/wp-content\/uploads\/2025\/09\/lcd-inside-riviera-1.jpg"},{"@type":"BreadcrumbList","@id":"https:\/\/luxechicetdecoration.mc\/en\/inside-riviera-en\/#breadcrumb","itemListElement":[{"@type":"ListItem","position":1,"name":"Accueil","item":"https:\/\/luxechicetdecoration.mc\/"},{"@type":"ListItem","position":2,"name":"Inside Riviera &#8211; EN"}]},{"@type":"WebSite","@id":"https:\/\/luxechicetdecoration.mc\/en\/#website","url":"https:\/\/luxechicetdecoration.mc\/en\/","name":"Luxe Chic &amp; D\u00e9coration","description":"D\u00e9coration Int\u00e9rieur Monaco","publisher":{"@id":"https:\/\/luxechicetdecoration.mc\/en\/#organization"},"potentialAction":[{"@type":"SearchAction","target":{"@type":"EntryPoint","urlTemplate":"https:\/\/luxechicetdecoration.mc\/en\/?s={search_term_string}"},"query-input":{"@type":"PropertyValueSpecification","valueRequired":true,"valueName":"search_term_string"}}],"inLanguage":"en-US"},{"@type":"Organization","@id":"https:\/\/luxechicetdecoration.mc\/en\/#organization","name":"Luxe Chic &amp; D\u00e9coration","url":"https:\/\/luxechicetdecoration.mc\/en\/","logo":{"@type":"ImageObject","inLanguage":"en-US","@id":"https:\/\/luxechicetdecoration.mc\/en\/#\/schema\/logo\/image\/","url":"https:\/\/luxechicetdecoration.mc\/wp-content\/uploads\/2023\/04\/luxe-chic-decoration-main-logo.png","contentUrl":"https:\/\/luxechicetdecoration.mc\/wp-content\/uploads\/2023\/04\/luxe-chic-decoration-main-logo.png","width":396,"height":302,"caption":"Luxe Chic &amp; D\u00e9coration"},"image":{"@id":"https:\/\/luxechicetdecoration.mc\/en\/#\/schema\/logo\/image\/"},"sameAs":["https:\/\/www.facebook.com\/luxechicetdecoration","https:\/\/www.instagram.com\/luxechicetdecoration\/"]}]}},"_links":{"self":[{"href":"https:\/\/luxechicetdecoration.mc\/en\/wp-json\/wp\/v2\/pages\/2691","targetHints":{"allow":["GET"]}}],"collection":[{"href":"https:\/\/luxechicetdecoration.mc\/en\/wp-json\/wp\/v2\/pages"}],"about":[{"href":"https:\/\/luxechicetdecoration.mc\/en\/wp-json\/wp\/v2\/types\/page"}],"author":[{"embeddable":true,"href":"https:\/\/luxechicetdecoration.mc\/en\/wp-json\/wp\/v2\/users\/1"}],"replies":[{"embeddable":true,"href":"https:\/\/luxechicetdecoration.mc\/en\/wp-json\/wp\/v2\/comments?post=2691"}],"version-history":[{"count":7,"href":"https:\/\/luxechicetdecoration.mc\/en\/wp-json\/wp\/v2\/pages\/2691\/revisions"}],"predecessor-version":[{"id":2716,"href":"https:\/\/luxechicetdecoration.mc\/en\/wp-json\/wp\/v2\/pages\/2691\/revisions\/2716"}],"wp:attachment":[{"href":"https:\/\/luxechicetdecoration.mc\/en\/wp-json\/wp\/v2\/media?parent=2691"}],"curies":[{"name":"wp","href":"https:\/\/api.w.org\/{rel}","templated":true}]}}